{"id":5597,"date":"2014-06-17T13:38:38","date_gmt":"2014-06-17T11:38:38","guid":{"rendered":"http:\/\/vp1000.fr\/entreprise-internet\/dup-entreprise-internet-creez-votre-premier-produit-dinformation\/"},"modified":"2014-06-21T18:58:23","modified_gmt":"2014-06-21T16:58:23","slug":"entreprise-internet-methode-n4-gagnez-de-largent-avec-ce-que-vous-avez-deja-cree","status":"publish","type":"page","link":"http:\/\/direct-editions.com\/vos-premiers-1000-euros\/entreprise-internet\/entreprise-internet-methode-n4-gagnez-de-largent-avec-ce-que-vous-avez-deja-cree\/","title":{"rendered":"Entreprise Internet &#8211; M\u00e9thode N\u00b04: Gagnez de l&rsquo;argent avec ce que vous avez d\u00e9j\u00e0 cr\u00e9\u00e9"},"content":{"rendered":"","protected":false},"excerpt":{"rendered":"","protected":false},"author":90,"featured_media":0,"parent":5581,"menu_order":4,"comment_status":"open","ping_status":"closed","template":"","meta":{"footnotes":""},"class_list":["post-5597","page","type-page","status-publish","hentry"],"_links":{"self":[{"href":"http:\/\/direct-editions.com\/vos-premiers-1000-euros\/wp-json\/wp\/v2\/pages\/5597","targetHints":{"allow":["GET"]}}],"collection":[{"href":"http:\/\/direct-editions.com\/vos-premiers-1000-euros\/wp-json\/wp\/v2\/pages"}],"about":[{"href":"http:\/\/direct-editions.com\/vos-premiers-1000-euros\/wp-json\/wp\/v2\/types\/page"}],"author":[{"embeddable":true,"href":"http:\/\/direct-editions.com\/vos-premiers-1000-euros\/wp-json\/wp\/v2\/users\/90"}],"replies":[{"embeddable":true,"href":"http:\/\/direct-editions.com\/vos-premiers-1000-euros\/wp-json\/wp\/v2\/comments?post=5597"}],"version-history":[{"count":5,"href":"http:\/\/direct-editions.com\/vos-premiers-1000-euros\/wp-json\/wp\/v2\/pages\/5597\/revisions"}],"predecessor-version":[{"id":5629,"href":"http:\/\/direct-editions.com\/vos-premiers-1000-euros\/wp-json\/wp\/v2\/pages\/5597\/revisions\/5629"}],"up":[{"embeddable":true,"href":"http:\/\/direct-editions.com\/vos-premiers-1000-euros\/wp-json\/wp\/v2\/pages\/5581"}],"wp:attachment":[{"href":"http:\/\/direct-editions.com\/vos-premiers-1000-euros\/wp-json\/wp\/v2\/media?parent=5597"}],"curies":[{"name":"wp","href":"https:\/\/api.w.org\/{rel}","templated":true}]}}