{"id":5672,"date":"2014-06-17T13:38:38","date_gmt":"2014-06-17T11:38:38","guid":{"rendered":"http:\/\/vp1000.fr\/entreprise-internet\/dup-entreprise-internet-methode-n5-trouver-de-nouveaux-endroits-pour-vendre-vos-objets-doccasion-en-ligne\/"},"modified":"2014-06-30T14:14:59","modified_gmt":"2014-06-30T12:14:59","slug":"la-machine-secrete","status":"publish","type":"page","link":"http:\/\/direct-editions.com\/vos-premiers-1000-euros\/entreprise-internet\/la-machine-secrete\/","title":{"rendered":"Entreprise Internet &#8211; La \u00ab Machine \u00bb secr\u00e8te pour r\u00e9ussir avec ces 5 m\u00e9thodes"},"content":{"rendered":"","protected":false},"excerpt":{"rendered":"","protected":false},"author":90,"featured_media":0,"parent":5581,"menu_order":6,"comment_status":"open","ping_status":"closed","template":"","meta":{"footnotes":""},"class_list":["post-5672","page","type-page","status-publish","hentry"],"_links":{"self":[{"href":"http:\/\/direct-editions.com\/vos-premiers-1000-euros\/wp-json\/wp\/v2\/pages\/5672","targetHints":{"allow":["GET"]}}],"collection":[{"href":"http:\/\/direct-editions.com\/vos-premiers-1000-euros\/wp-json\/wp\/v2\/pages"}],"about":[{"href":"http:\/\/direct-editions.com\/vos-premiers-1000-euros\/wp-json\/wp\/v2\/types\/page"}],"author":[{"embeddable":true,"href":"http:\/\/direct-editions.com\/vos-premiers-1000-euros\/wp-json\/wp\/v2\/users\/90"}],"replies":[{"embeddable":true,"href":"http:\/\/direct-editions.com\/vos-premiers-1000-euros\/wp-json\/wp\/v2\/comments?post=5672"}],"version-history":[{"count":4,"href":"http:\/\/direct-editions.com\/vos-premiers-1000-euros\/wp-json\/wp\/v2\/pages\/5672\/revisions"}],"predecessor-version":[{"id":5685,"href":"http:\/\/direct-editions.com\/vos-premiers-1000-euros\/wp-json\/wp\/v2\/pages\/5672\/revisions\/5685"}],"up":[{"embeddable":true,"href":"http:\/\/direct-editions.com\/vos-premiers-1000-euros\/wp-json\/wp\/v2\/pages\/5581"}],"wp:attachment":[{"href":"http:\/\/direct-editions.com\/vos-premiers-1000-euros\/wp-json\/wp\/v2\/media?parent=5672"}],"curies":[{"name":"wp","href":"https:\/\/api.w.org\/{rel}","templated":true}]}}