{"id":5782,"date":"2014-03-25T18:38:01","date_gmt":"2014-03-25T17:38:01","guid":{"rendered":"http:\/\/direct-editions.com\/vos-premiers-1000-euros\/dup-2-facons-de-trouver-une-idee-profitable\/"},"modified":"2014-09-22T19:33:02","modified_gmt":"2014-09-22T17:33:02","slug":"les-6-etapes-du-modele-daffaire-a-12298-e-par-an","status":"publish","type":"page","link":"http:\/\/direct-editions.com\/vos-premiers-1000-euros\/les-6-etapes-du-modele-daffaire-a-12298-e-par-an\/","title":{"rendered":"Les 6 \u00e9tapes du mod\u00e8le d&rsquo;affaire \u00e0 12298 \u20ac par an"},"content":{"rendered":"","protected":false},"excerpt":{"rendered":"","protected":false},"author":90,"featured_media":5577,"parent":0,"menu_order":0,"comment_status":"open","ping_status":"open","template":"","meta":{"footnotes":""},"class_list":["post-5782","page","type-page","status-publish","has-post-thumbnail","hentry"],"_links":{"self":[{"href":"http:\/\/direct-editions.com\/vos-premiers-1000-euros\/wp-json\/wp\/v2\/pages\/5782","targetHints":{"allow":["GET"]}}],"collection":[{"href":"http:\/\/direct-editions.com\/vos-premiers-1000-euros\/wp-json\/wp\/v2\/pages"}],"about":[{"href":"http:\/\/direct-editions.com\/vos-premiers-1000-euros\/wp-json\/wp\/v2\/types\/page"}],"author":[{"embeddable":true,"href":"http:\/\/direct-editions.com\/vos-premiers-1000-euros\/wp-json\/wp\/v2\/users\/90"}],"replies":[{"embeddable":true,"href":"http:\/\/direct-editions.com\/vos-premiers-1000-euros\/wp-json\/wp\/v2\/comments?post=5782"}],"version-history":[{"count":2,"href":"http:\/\/direct-editions.com\/vos-premiers-1000-euros\/wp-json\/wp\/v2\/pages\/5782\/revisions"}],"predecessor-version":[{"id":5784,"href":"http:\/\/direct-editions.com\/vos-premiers-1000-euros\/wp-json\/wp\/v2\/pages\/5782\/revisions\/5784"}],"wp:featuredmedia":[{"embeddable":true,"href":"http:\/\/direct-editions.com\/vos-premiers-1000-euros\/wp-json\/wp\/v2\/media\/5577"}],"wp:attachment":[{"href":"http:\/\/direct-editions.com\/vos-premiers-1000-euros\/wp-json\/wp\/v2\/media?parent=5782"}],"curies":[{"name":"wp","href":"https:\/\/api.w.org\/{rel}","templated":true}]}}